{"id":1517,"date":"2022-12-27T01:53:10","date_gmt":"2022-12-27T01:53:10","guid":{"rendered":"https:\/\/www.cherrybyele.com\/?page_id=1517"},"modified":"2025-07-08T21:09:50","modified_gmt":"2025-07-09T03:09:50","slug":"disclaimer","status":"publish","type":"page","link":"https:\/\/www.cherrybyele.com\/es\/disclaimer\/","title":{"rendered":"Deslinde de responsabilidad y declaraciones"},"content":{"rendered":"<p>\u00daltima actualizaci\u00f3n: 07\/08\/2025<\/p>\n\n\n\n<p>La informaci\u00f3n proporcionada por la Cherry by Ele (\"yo\", \"nosotros\", \"nos\" o \"nuestro\", \"empresa\") en <a href=\"https:\/\/www.cherrybyele.com\/es\/\">https:\/\/www.cherrybyele.com<\/a> (el \"Sitio\", \"sitio Web\") y los recursos disponibles para descargar a trav\u00e9s de \u00e9l son solo para fines educativos e informativos generales.<span class=\"Apple-converted-space\">&nbsp; <\/span>Los t\u00e9rminos \"Usted\",\" su \"y\" cliente \" se refieren a cualquier persona que visite, vea, use o interact\u00fae con nuestro sitio web o sus productos y recursos.<span class=\"Apple-converted-space\">&nbsp;<\/span><\/p>\n\n\n\n<p>Toda la informaci\u00f3n en el Sitio se proporciona de buena fe y se han realizado todos los esfuerzos razonables para garantizar que la informaci\u00f3n proporcionada sea lo m\u00e1s precisa y completa posible y est\u00e9 libre de errores; sin embargo, el Sitio no asume ninguna responsabilidad por errores, omisiones o interpretaciones contrarias, y no hace representaciones ni garant\u00edas de ning\u00fan tipo, expresas o impl\u00edcitas, con respecto a la precisi\u00f3n, adecuaci\u00f3n, relevancia, validez, confiabilidad, disponibilidad, puntualidad o integridad de la informaci\u00f3n en el Sitio.<span class=\"Apple-converted-space\">&nbsp;<\/span><\/p>\n\n\n\n<p>Bajo ninguna circunstancia seremos responsables de ninguna p\u00e9rdida o da\u00f1o especial, directo, indirecto, consecuente o incidental, ni de ning\u00fan da\u00f1o de ning\u00fan tipo incurrido como resultado del uso del Sitio o la dependencia de la informaci\u00f3n proporcionada en el Sitio.<span class=\"Apple-converted-space\">&nbsp;<\/span><\/p>\n\n\n\n<p>Al utilizar el Sitio, usted acepta toda la responsabilidad personal de cualquier da\u00f1o o perjuicio que pueda sufrir como resultado de su acci\u00f3n que surja de o en conexi\u00f3n con el uso del Sitio o de su contenido.<\/p>\n\n\n\n<p>Usted acepta usar el juicio y llevar a cabo la diligencia debida para verificar cualquier informaci\u00f3n obtenida del Sitio antes de tomar cualquier medida o implementar cualquier sugerencia o recomendaci\u00f3n establecida en el Sitio.<span class=\"Apple-converted-space\">&nbsp;<\/span><\/p>\n\n\n\n<p>Su uso del Sitio es bajo su propio riesgo y usted se compromete expresamente a no confiar en cualquier informaci\u00f3n contenida en el Sitio.<\/p>\n\n\n\n<p>Nos reservamos el derecho a realizar las adiciones, eliminaciones o modificaciones al contenido del Sitio en cualquier momento sin previo aviso.<\/p>\n\n\n\n<p>No garantizamos que el Sitio est\u00e9 libre de virus o de otros componentes da\u00f1inos.<\/p>\n\n\n\n<p>Cualquier desaire percibido de personas, gente u organizaciones espec\u00edficas no es intencional.<\/p>\n\n\n\n<h2 class=\"wp-block-heading\">Deslinde de responsabilidad de uso justo<\/h2>\n\n\n\n<p>Cualquier nombre de producto, sitio web y compa\u00f1\u00eda mencionado en el Sitio son marcas comerciales o derechos de autor de sus respectivos propietarios.<span class=\"Apple-converted-space\">&nbsp; <\/span>Esto puede incluir, entre otros, publicar im\u00e1genes de logotipos, productos o sitios web bajo el uso justo de las leyes de derechos de autor de EE.UU.<span class=\"Apple-converted-space\">&nbsp; <\/span>No estamos asociados ni afiliados con ellos de ninguna manera.<span class=\"Apple-converted-space\">&nbsp;<\/span><\/p>\n\n\n\n<h2 class=\"wp-block-heading\"><b>Deslinde de responsabilidad de no ser un experto<\/b><\/h2>\n\n\n\n<p>La informaci\u00f3n proporcionada en este sitio se basa principalmente en mi propia experiencia personal y mi opini\u00f3n personal y no debe interpretarse como asesoramiento profesional. El contenido de este sitio y los recursos proporcionados son solo para fines informativos y de entretenimiento y no constituyen asesoramiento m\u00e9dico, psicol\u00f3gico, de aptitud f\u00edsica, financiero, contable o legal. El autor no es responsable de ninguna p\u00e9rdida o da\u00f1o relacionado con acciones o falta de acci\u00f3n relacionada con el contenido de este sitio web.<\/p>\n\n\n\n<h2 class=\"wp-block-heading\">Deslinde de responsabilidad profesional<\/h2>\n\n\n\n<p>Cherry por Ele no contiene asesoramiento profesional. La informaci\u00f3n y el contenido de este sitio se proporcionan \u00fanicamente con fines educativos y de informaci\u00f3n general y no sustituyen el asesoramiento profesional.<\/p>\n\n\n\n<p>Le recomendamos que tambi\u00e9n consulte con los profesionales apropiados antes de tomar cualquier medida basada en dicha informaci\u00f3n, ya que el uso o la confianza en dicha informaci\u00f3n contenida en este sitio es bajo su propio riesgo.<\/p>\n\n\n\n<h3 class=\"wp-block-heading\"><b>Deslinde<\/b><b>De ResponsabilidadMedica\/ De la salud Mental, y Psicol\u00f3gica<\/b><\/h3>\n\n\n\n<p>Si bien soy un profesional m\u00e9dico, el Sitio no contiene asesoramiento m\u00e9dico y de salud. La informaci\u00f3n de salud contenida en el Sitio y los recursos disponibles para descargar a trav\u00e9s del Sitio se proporcionan \u00fanicamente con fines informativos y educativos generales y no pretenden ser, y no se entender\u00e1n ni interpretar\u00e1n como, asesoramiento, diagn\u00f3stico o tratamiento psicol\u00f3gico, psiqui\u00e1trico o m\u00e9dico profesional, ni sustituir\u00e1n el asesoramiento, diagn\u00f3stico o tratamiento psicol\u00f3gico, psiqui\u00e1trico o m\u00e9dico profesional.<\/p>\n\n\n\n<p>Antes de tomar cualquier acci\u00f3n basada en dicha informaci\u00f3n, le recomendamos expresamente que usted busque el consejo de un profesional m\u00e9dico o de otro profesional de salud mental calificado.<\/p>\n\n\n\n<p>Su uso del Sitio, incluyendo la implementaci\u00f3n de las sugerencias y\/o recomendaciones que figuran en el Sitio y\/o el uso de los recursos disponibles para descargar a trav\u00e9s del Sitio, no crea una relaci\u00f3n m\u00e9dico-paciente.<\/p>\n\n\n\n<p>Su uso del Sitio es bajo su propio riesgo y usted acepta expresamente no depender de ninguna informaci\u00f3n contenida en el Sitio o en los recursos disponibles para descargar a trav\u00e9s del Sitio como sustituto de asesoramiento, diagn\u00f3stico o tratamiento psicol\u00f3gico, psiqui\u00e1trico o m\u00e9dico profesional.<span class=\"Apple-converted-space\">&nbsp;<\/span><\/p>\n\n\n\n<p>Bajo ninguna circunstancia se nos responsabilizar\u00e1 por ning\u00fan error u omisi\u00f3n en el Sitio o por cualquier da\u00f1o que pueda sufrir con respecto a cualquier acci\u00f3n tomada o no tomada en funci\u00f3n de cualquiera o todos los contenidos del Sitio y\/o como resultado de no buscar asesoramiento competente de un profesional m\u00e9dico u otro proveedor calificado de salud mental.<\/p>\n\n\n\n<h3 class=\"wp-block-heading\"><b>Deslinde de responsabilidad de fitness<\/b><\/h3>\n\n\n\n<p>El Sitio ofrece informaci\u00f3n nutricional y de acondicionamiento f\u00edsico y est\u00e1 dise\u00f1ado solo con fines educativos. No debe confiar en esta informaci\u00f3n como sustituto, ni reemplaza, el asesoramiento, diagn\u00f3stico o tratamiento m\u00e9dico profesional.<\/p>\n\n\n\n<h3 class=\"wp-block-heading\"><b>Deslinde de responsabilidad Legal<\/b><\/h3>\n\n\n\n<p>El Sitio no contiene asesoramiento juridico. La informaci\u00f3n contenida en el Sitio y los recursos disponibles para descargar a trav\u00e9s del Sitio no pretenden ser, y no se entender\u00e1n ni interpretar\u00e1n como asesoramiento legal.<span class=\"Apple-converted-space\">&nbsp;<\/span><\/p>\n\n\n\n<p>La informaci\u00f3n contenida en el Sitio y los recursos disponibles para descargar a trav\u00e9s del Sitio son solo para fines educativos e informativos generales y no constituyen publicidad, solicitud o asesoramiento legal.<span class=\"Apple-converted-space\">&nbsp;<\/span><\/p>\n\n\n\n<p>El uso, acceso o transmisi\u00f3n de dicha informaci\u00f3n no tiene la intenci\u00f3n de crear, y la recepci\u00f3n de la misma no constituye la formaci\u00f3n de una relaci\u00f3n abogado-cliente.<span class=\"Apple-converted-space\">&nbsp;<\/span><\/p>\n\n\n\n<p>Antes de tomar cualquier medida basada en dicha informaci\u00f3n, le recomendamos expresamente que busque el asesoramiento de un profesional legal con licencia en su jurisdicci\u00f3n.<span class=\"Apple-converted-space\">&nbsp;<\/span><\/p>\n\n\n\n<p>Su uso del Sitio es bajo su propio riesgo y usted acepta expresamente no depender de ninguna informaci\u00f3n contenida en el Sitio o en los recursos disponibles para descargar a trav\u00e9s del Sitio como sustituto de asesoramiento legal profesional.<span class=\"Apple-converted-space\">&nbsp;<\/span><\/p>\n\n\n\n<p>Bajo ninguna circunstancia se nos responsabilizar\u00e1 por ning\u00fan error u omisi\u00f3n en el Sitio o por cualquier da\u00f1o que pueda sufrir con respecto a cualquier acci\u00f3n tomada o no tomada en funci\u00f3n de cualquiera o todos los contenidos del Sitio y\/o como resultado de no buscar asesoramiento de un profesional del derecho.<\/p>\n\n\n\n<h3 class=\"wp-block-heading\"><b>Deslinde de responsabilidad financiera<\/b><\/h3>\n\n\n\n<p>El Sitio no contiene asesoramiento financiero o fiscal. La informaci\u00f3n contenida en el Sitio y los recursos disponibles para descargar a trav\u00e9s del Sitio no pretenden ser, y no se entender\u00e1n ni interpretar\u00e1n como asesoramiento financiero o fiscal.<span class=\"Apple-converted-space\">&nbsp;<\/span><\/p>\n\n\n\n<p>La informaci\u00f3n contenida en el Sitio y los recursos disponibles para descargar a trav\u00e9s del Sitio son solo para fines educativos e informativos generales y no constituyen publicidad, solicitud o asesoramiento financiero.<span class=\"Apple-converted-space\">&nbsp;<\/span><\/p>\n\n\n\n<p>Antes de tomar cualquier acci\u00f3n basada en dicha informaci\u00f3n, le recomendamos expresamente que usted busque el consejo de un asesor financiero profesional, asesor fiscal, contable, o de otro profesional financiero en su jurisdicci\u00f3n.<span class=\"Apple-converted-space\">&nbsp;<\/span><\/p>\n\n\n\n<p>Su uso del Sitio es bajo su propio riesgo y usted se compromete expresamente a no confiar en cualquier informaci\u00f3n contenida en el Sitio o en los recursos disponibles para descargar a trav\u00e9s del Sitio como un sustituto para el profesional financiero y de la asesor\u00eda fiscal.<span class=\"Apple-converted-space\">&nbsp;<\/span><\/p>\n\n\n\n<p>Bajo ninguna circunstancia se nos har\u00e1 responsable de ning\u00fan error u omisi\u00f3n en el Sitio o de ning\u00fan da\u00f1o que pueda sufrir con respecto a cualquier acci\u00f3n tomada o no tomada en funci\u00f3n de cualquiera o todos los contenidos del Sitio y \/ o como resultado de no buscar asesoramiento competente de un profesional financiero o fiscal.<\/p>\n\n\n\n<h2 class=\"wp-block-heading\"><b>Renuncia de enlaces externos<\/b><\/h2>\n\n\n\n<p>Si bien tratamos de proporcionar solo enlaces de calidad a sitios web relevantes y \u00e9ticos, el Sitio puede contener enlaces a sitios web externos que no son proporcionados ni mantenidos por nosotros ni est\u00e1n afiliados de ninguna manera con nosotros.<span class=\"Apple-converted-space\">&nbsp; <\/span>Tenga en cuenta que  Cherry by Ele no ha revisado todos los sitios vinculados a su sitio web y no es responsable de los contenidos de ning\u00fan sitio vinculado.<span class=\"Apple-converted-space\">&nbsp;<\/span><\/p>\n\n\n\n<p>Adem\u00e1s, los propietarios del sitio y el contenido pueden cambiar sin previo aviso y pueden ocurrir antes de que tengamos la oportunidad de eliminar enlaces rotos o perjudiciales.<\/p>\n\n\n\n<p>El Sitio no garantiza la exactitud, adecuaci\u00f3n, pertinencia, validez, fiabilidad, disponibilidad, oportunidad o integridad de cualquier informaci\u00f3n en estos sitios web externos.<\/p>\n\n\n\n<p>La inclusi\u00f3n de cualquier enlace no implica la aprobaci\u00f3n por parte de la Cherry by Ele del sitio. El uso de cualquier sitio web vinculado est\u00e1 en el propio riesgo del usuario.<\/p>\n\n\n\n<p>Tenga en cuenta que cuando abandona nuestro sitio web, otros sitios pueden tener pol\u00edticas y t\u00e9rminos de privacidad diferentes que est\u00e1n fuera de nuestro control. Aseg\u00farese de consultar las Pol\u00edticas de Privacidad de estos sitios, as\u00ed como sus \"T\u00e9rminos de servicio\" antes de participar en cualquier negocio o de subir cualquier informaci\u00f3n.<\/p>\n\n\n\n<h2 class=\"wp-block-heading\"><b>Declaracion de enlaces de afiliado<\/b><\/h2>\n\n\n\n<p>Podemos tener una relaci\u00f3n financiera con algunos de los comerciantes que podemos mencionar.<\/p>\n\n\n\n<p>Algunos de los enlaces pueden ser enlaces de afiliados, lo que significa que podemos obtener una compensaci\u00f3n financiera, sin costo adicional para usted, si usted hace una compra a trav\u00e9s de un enlace.<\/p>\n\n\n\n<p>Por favor, comprenda que tenemos experiencia con todas estas empresas, y los recomendamos porque son \u00fatiles, no a causa de las peque\u00f1as comisiones que hacemos si usted decide comprar algo. Por favor, consulte nuestras <b>declaraciones<\/b> para obtener m\u00e1s informaci\u00f3n.<span class=\"Apple-converted-space\">&nbsp;<\/span><\/p>\n\n\n\n<h2 class=\"wp-block-heading\">Declaracion de Contenido Patrocinado<\/h2>\n\n\n\n<p>Cuando tengo que escribir una rese\u00f1a post en relaci\u00f3n a un producto espec\u00edfico,<span class=\"Apple-converted-space\">\u00a0 <\/span>TENGA en CUENTA QUE SOLO PUBLICO SOBRE SITIOS Y PRODUCTOS QUE CREO QUE SER\u00cdAN INMENSAMENTE \u00daTILES Y QUE HE USADO YO MISMA. TODOS LOS PUNTOS DE VISTA Y OPINIONES SON M\u00cdOS. Como parte de esa asociaci\u00f3n, puedo recibir o no un PRODUCTO GRATUITO O UNA COMPENSACI\u00d3N.<\/p>\n\n\n\n<h2 class=\"wp-block-heading\">Deslinde De Responsabilidad de Ganancias<\/h2>\n\n\n\n<p>CUALQUIER PRESENTACI\u00d3N DE TESTIMONIOS Y ESTUDIOS DE CASOS SOBRE MI EXPERIENCIA u OTRA PERSONA CON MI SITIO WEB, PRODUCTOS Y SERVICIOS PROVIENE DE CLIENTES Y CLIENTES REALES Y SE MUESTRAN COMO EJEMPLOS DE LO QUE ES POSIBLE SOLO CON FINES INFORMATIVOS.<\/p>\n\n\n\n<p>HAY VARIOS FACTORES QUE DETERMINAN EL \u00c9XITO DE UN CLIENTE\/CLIENTE\/ESTUDIANTE, COMO EL TRABAJO ARDUO Y EL TIEMPO, POR LO QUE DE NINGUNA MANERA PUEDO GARANTIZAR QUE LOS CLIENTES\/ESTUDIANTES ACTUALES O FUTUROS LOGREN LOS MISMOS RESULTADOS O SIMILARES QUE LOS CLIENTES\/ESTUDIANTES ANTERIORES. NUEVAMENTE, LOS EJEMPLOS, ESTUDIOS DE CASOS Y TESTIMONIOS SON SIMPLEMENTE ILUSTRATIVOS DE LO QUE ES POSIBLE.<\/p>\n\n\n\n<p>El uso de nuestra informaci\u00f3n, productos y\/o servicios debe basarse en su debida diligencia y usted acepta que Cherry by Ele y\/o los anunciantes o patrocinadores de Cherry by Ele no son responsables del \u00e9xito o fracaso de su negocio<\/p>\n\n\n\n<h2 class=\"wp-block-heading\">Sin garant\u00edas<\/h2>\n\n\n\n<p>Los materiales del sitio web Cherry by Ele se proporcionan \"tal cual\". Cherry by Ele no ofrece garant\u00edas, expresas o impl\u00edcitas, y por el presente deslinde de responsabilidades niega todas las dem\u00e1s garant\u00edas, incluidas, entre otras, garant\u00edas impl\u00edcitas o condiciones de comerciabilidad, idoneidad para un prop\u00f3sito particular o no infracci\u00f3n de la propiedad intelectual u otra violaci\u00f3n de los derechos.<\/p>\n\n\n\n<p>Adem\u00e1s, Becoming a Cherry by Ele no garantiza ni hace ninguna representaci\u00f3n con respecto a la precisi\u00f3n, confiabilidad o resultados probables del uso de los materiales en su sitio web o relacionados con dichos materiales o en cualquier sitio vinculado a este sitio.<\/p>\n\n\n\n<h2 class=\"wp-block-heading\">Limitaciones<\/h2>\n\n\n\n<p>En ning\u00fan caso, Cherry by Ele o sus proveedores ser\u00e1n responsables de ning\u00fan da\u00f1o (incluidos, entre otros, da\u00f1os por p\u00e9rdida de datos o ganancias, o debido a la interrupci\u00f3n del negocio) que surjan del uso o la imposibilidad de usar los materiales en el sitio de  Cherry by Ele, incluso si  Cherry by Ele  o un representante autorizado de  Cherry by Ele ha sido notificado oralmente o por escrito de la posibilidad de tal da\u00f1o. Debido a que algunas jurisdicciones no permiten limitaciones sobre garant\u00edas impl\u00edcitas o limitaciones de responsabilidad por da\u00f1os consecuentes o incidentales, es posible que estas limitaciones no se apliquen en su caso.<\/p>\n\n\n\n<h2 class=\"wp-block-heading\">Limitaci\u00f3n de Responsabilidad<\/h2>\n\n\n\n<p>USTED ACEPTA QUE BAJO NINGUNA CIRCUNSTANCIA SEREMOS RESPONSABLES DE DA\u00d1OS DIRECTOS, INDIRECTOS, INCIDENTALES, CONSECUENTES, ESPECIALES, PUNITIVOS, EJEMPLARES, O DE CUALQUIER OTRO DA\u00d1O QUE SURJA DE SU USO DE EL SITIO O SERVICIOS.<\/p>\n\n\n\n<p>ADEM\u00c1S, Cherry by Ele \u00c9l NO ES RESPONSABLE POR los DA\u00d1OS Y PERJUICIOS EN RELACI\u00d3N CON:<\/p>\n\n\n\n<p>(I) CUALQUIER FALLA DE RENDIMIENTO, ERROR, OMISI\u00d3N, DENEGACI\u00d3N DE SERVICIO, ATAQUE, INTERRUPCI\u00d3N, ELIMINACI\u00d3N, DEFECTO, DEMORA EN LA OPERACI\u00d3N O TRANSMISI\u00d3N, VIRUS INFORM\u00c1TICO O FALLA DE LA L\u00cdNEA O DEL SISTEMA;  (II) P\u00c9RDIDA DE INGRESOS, GANANCIAS ANTICIPADAS, NEGOCIOS, AHORROS, BUENA VOLUNTAD O DATOS; Y  (III) ROBO, DESTRUCCI\u00d3N, ACCESO NO AUTORIZADO, ALTERACI\u00d3N O USO DE SU INFORMACI\u00d3N O PROPIEDAD POR PARTE DE TERCEROS, INDEPENDIENTEMENTE DE NUESTRA NEGLIGENCIA, NEGLIGENCIA GRAVE, FALLA DE UN PROP\u00d3SITO ESENCIAL Y SI DICHA RESPONSABILIDAD SURGE POR NEGLIGENCIA, CONTRATO, AGRAVIO O CUALQUIER OTRA TEOR\u00cdA DE RESPONSABILIDAD LEGAL.<\/p>\n\n\n\n<p>LO ANTERIOR SE APLICA INCLUSO SICherry by Ele HA SIDO ADVERTIDO DE LA POSIBILIDAD O PODR\u00cdA HABER PREVISTO LOS DA\u00d1OS. EN AQUELLOS ESTADOS QUE NO PERMITEN LA EXCLUSI\u00d3N O LIMITACI\u00d3N DE RESPONSABILIDAD POR LOS DA\u00d1OS, NUESTRA RESPONSABILIDAD SE LIMITA AL M\u00c1XIMO PERMITIDO POR LA LEY. EN NING\u00daN CASO, LA RESPONSABILIDAD ACUMULATIVA DE Cherry by Ele  HACIA USTED EXCEDER\u00c1 EL PRECIO TOTAL DE COMPRA DEL SERVICIO O PRODUCTO QUE HAYA COMPRADO A Cherry by Ele , Y SI NO HA REALIZADO NINGUNA COMPRA, LA RESPONSABILIDAD ACUMULATIVA DECherry by Ele HACIA USTED NO EXCEDER\u00c1 LOS $100.<\/p>\n\n\n\n<h2 class=\"wp-block-heading\">Indemnizaci\u00f3n<\/h2>\n\n\n\n<p>Deber\u00e1 indemnizarnos y eximirnos de responsabilidad por y contra todas y cada una de las p\u00e9rdidas, da\u00f1os, acuerdos, responsabilidades, costos, cargos, evaluaciones y gastos, as\u00ed como reclamos de terceros y causas de acci\u00f3n, incluidos, entre otros, los honorarios de abogados, que surjan de cualquier incumplimiento por su parte de cualquiera de estos T\u00e9rminos y Condiciones, o cualquier uso que haga del Sitio, Producto o Servicio.<\/p>\n\n\n\n<p>Usted nos proporcionar\u00e1 dicha asistencia, sin cargo, seg\u00fan lo solicitemos en relaci\u00f3n con dicha defensa, lo que incluye, entre otros, proporcionarnos dicha informaci\u00f3n, documentos, registros y acceso razonable a usted, seg\u00fan lo consideremos necesario. Usted no resolver\u00e1 ning\u00fan reclamo de terceros ni renunciar\u00e1 a ninguna defensa sin nuestro previo consentimiento por escrito.<\/p>\n\n\n\n<h2 class=\"wp-block-heading\">Cambios y Modificaciones<\/h2>\n\n\n\n<p>Nos reservamos el derecho exclusivo de cambiar o modificar esta pol\u00edtica y sus t\u00e9rminos en cualquier momento mediante la publicaci\u00f3n de la versi\u00f3n actualizada en https:\/\/www.cherrybyele.com.La notificaci\u00f3n de dichos cambios se publicar\u00e1 de inmediato en este sitio en caso de que actualicemos, enmendemos o modifiquemos este documento. El uso continuo de este sitio web y sus servicios despu\u00e9s de dichos cambios se interpretar\u00e1 como consentimiento a dichos cambios. Sin embargo, le recomendamos que visite esta p\u00e1gina con frecuencia para asegurarse de estar actualizado con los \u00faltimos cambios.<\/p>\n\n\n\n<h2 class=\"wp-block-heading\">Consentimiento<\/h2>\n\n\n\n<p>Al proceder a utilizar este sitio web, usted reconoce que ha le\u00eddo este deslinde de responsabilidad en su totalidad y, por la presente, acepta este deslinde de responsabilidad y acepta todos sus t\u00e9rminos. Si no acepta estar sujeto a los t\u00e9rminos de este descargo de responsabilidad, no se le permitir\u00e1 continuar usando o accediendo a este sitio y sus servicios.<\/p>\n\n\n\n<h2 class=\"wp-block-heading\">Cont\u00e1ctenos<\/h2>\n\n\n\n<p>Si necesita informaci\u00f3n o tiene preguntas sobre el deslinde de responsabilidad de este sitio, no dude en contactarnos por correo electr\u00f3nico a contact@cherrybyele.com.<\/p>\n\n\n\n<p><\/p>\n<p><a href=\"\/\/www.pinterest.com\/pin\/create\/button\/\" data-pin-do=\"buttonBookmark\" data-pin-color=\"red\" data-pin-height=\"128\"><img decoding=\"async\" src=\"\/\/assets.pinterest.com\/images\/pidgets\/pinit_fg_en_rect_red_28.png\" \/><\/a><\/p>","protected":false},"excerpt":{"rendered":"<p>Last updated: 07\/08\/2025 The information provided by Cherry by Ele (\u201cI\u201d, \u201cwe,\u201d \u201cus,\u201d or \u201cour\u201d \u201c Company\u201d) on https:\/\/www.cherrybyele.com (the \u201cSite\u201d \u201cWebsite\u201d) and the resources available for download through it is for educational and general informational purposes only.&nbsp; The terms \u201cYou\u201d, \u201cyour\u201d, and \u201cclient\u201d refers to anybody who visits, view, uses, or interacts with our [&hellip;]<\/p>\n","protected":false},"author":1,"featured_media":0,"parent":0,"menu_order":0,"comment_status":"closed","ping_status":"closed","template":"","meta":{"footnotes":""},"class_list":["post-1517","page","type-page","status-publish","hentry"],"aioseo_notices":[],"_links":{"self":[{"href":"https:\/\/www.cherrybyele.com\/es\/wp-json\/wp\/v2\/pages\/1517","targetHints":{"allow":["GET"]}}],"collection":[{"href":"https:\/\/www.cherrybyele.com\/es\/wp-json\/wp\/v2\/pages"}],"about":[{"href":"https:\/\/www.cherrybyele.com\/es\/wp-json\/wp\/v2\/types\/page"}],"author":[{"embeddable":true,"href":"https:\/\/www.cherrybyele.com\/es\/wp-json\/wp\/v2\/users\/1"}],"replies":[{"embeddable":true,"href":"https:\/\/www.cherrybyele.com\/es\/wp-json\/wp\/v2\/comments?post=1517"}],"version-history":[{"count":10,"href":"https:\/\/www.cherrybyele.com\/es\/wp-json\/wp\/v2\/pages\/1517\/revisions"}],"predecessor-version":[{"id":2679,"href":"https:\/\/www.cherrybyele.com\/es\/wp-json\/wp\/v2\/pages\/1517\/revisions\/2679"}],"wp:attachment":[{"href":"https:\/\/www.cherrybyele.com\/es\/wp-json\/wp\/v2\/media?parent=1517"}],"curies":[{"name":"wp","href":"https:\/\/api.w.org\/{rel}","templated":true}]}}