{"id":1549,"date":"2023-01-04T01:56:45","date_gmt":"2023-01-04T01:56:45","guid":{"rendered":"https:\/\/www.cherrybyele.com\/?page_id=1549"},"modified":"2025-07-08T21:30:31","modified_gmt":"2025-07-09T03:30:31","slug":"copyright-notice-and-terms-of-use-for-free-printables","status":"publish","type":"page","link":"https:\/\/www.cherrybyele.com\/es\/copyright-notice-and-terms-of-use-for-free-printables\/","title":{"rendered":"Aviso de derechos de autor y T\u00e9rminos de Uso para productos digitales."},"content":{"rendered":"<h2 class=\"wp-block-heading\"><b>COPYRIGHT \u00a9 CHERRY BY ELE 2025 TODOS LOS DERECHOS RESERVADOS EN TODO EL MUNDO<\/b><\/h2>\n\n\n\n<h3 class=\"wp-block-heading\"><b>SUS DERECHOS: <\/b><\/h3>\n\n\n\n<p><strong>https:\/\/www.cherrybyele.com el \u201cSitio Web\u201d y su \u201ccontenido\u201d<\/strong> (que tambi\u00e9n se puede incluir pero no est\u00e1 limitado a los diferentes tipos de recursos y productos digitales, como imprimibles, libros, libros electr\u00f3nicos, cursos y materiales descargables)<span class=\"Apple-converted-space\">&nbsp; <\/span><strong>est\u00e1n restringidos para su uso personal solamente. No incluye ning\u00fan otro tipo de derechos.<\/strong><\/p>\n\n\n\n<p>Este sitio web y su contenido<span class=\"Apple-converted-space\">&nbsp; <\/span>est\u00e1n protegidos por las leyes internacionales de derechos de autor y no pueden modificarse, compilarse, combinarse con otro contenido, copiarse, grabarse, sincronizarse, transmitirse, traducirse, formatearse, distribuirse, mostrarse p\u00fablicamente, realizarse p\u00fablicamente, reproducirse, regalarse, usarse para crear trabajos derivados y usarse o explotarse de otro modo (incluso con fines de lucro) sin el permiso expreso del creador. El creador conserva todos los derechos de autor de este sitio web y su contenido. Cualquier porci\u00f3n de gr\u00e1ficos, fotograf\u00edas, elementos u otro contenido creativo es propiedad de los respectivos propietarios y se utiliza dentro de los t\u00e9rminos de la(s) licencia(s) y\/o permiso (s) otorgado (s).<\/p>\n\n\n\n<p>El creador ha hecho todos los esfuerzos razonables para ser lo m\u00e1s preciso y completo posible en la creaci\u00f3n de este sitio web y su contenido, para garantizar que la informaci\u00f3n proporcionada est\u00e9 libre de errores; sin embargo, el creador no asume ninguna responsabilidad por errores, omisiones o interpretaci\u00f3n contraria al tema de este documento y no garantiza ni declara en ning\u00fan momento que los contenidos incluidos sean precisos debido a la naturaleza r\u00e1pidamente cambiante del tema.<\/p>\n\n\n\n<p>Cualquier desaire percibido de personas, pueblos u organizaciones espec\u00edficas no es intencional. Cualquier producto, sitio web y nombres de empresas mencionados en este sitio web y su contenido son marcas comerciales o derechos de autor de sus respectivos propietarios. El creador no est\u00e1 asociado ni afiliado con ellos de ninguna manera. El producto, el sitio web y la empresa referidos tampoco patrocinan, respaldan ni aprueban este sitio web y su contenido.<\/p>\n<p><a href=\"\/\/www.pinterest.com\/pin\/create\/button\/\" data-pin-do=\"buttonBookmark\" data-pin-color=\"red\" data-pin-height=\"128\"><img decoding=\"async\" src=\"\/\/assets.pinterest.com\/images\/pidgets\/pinit_fg_en_rect_red_28.png\" \/><\/a><\/p>","protected":false},"excerpt":{"rendered":"<p>COPYRIGHT \u00a9 CHERRY BY ELE 2025\u00a0ALL RIGHTS RESERVED WORLDWIDE YOUR RIGHTS: https:\/\/www.cherrybyele.com The &#8220;Website&#8221; and its &#8220;content&#8221; (which may also include but is not limited to different kinds of resources and digital products, like printables, books, ebooks, courses, and downloadable materials)&nbsp; are restricted to your personal use only. It does not come with any other [&hellip;]<\/p>\n","protected":false},"author":1,"featured_media":0,"parent":0,"menu_order":0,"comment_status":"closed","ping_status":"closed","template":"","meta":{"footnotes":""},"class_list":["post-1549","page","type-page","status-publish","hentry"],"aioseo_notices":[],"_links":{"self":[{"href":"https:\/\/www.cherrybyele.com\/es\/wp-json\/wp\/v2\/pages\/1549","targetHints":{"allow":["GET"]}}],"collection":[{"href":"https:\/\/www.cherrybyele.com\/es\/wp-json\/wp\/v2\/pages"}],"about":[{"href":"https:\/\/www.cherrybyele.com\/es\/wp-json\/wp\/v2\/types\/page"}],"author":[{"embeddable":true,"href":"https:\/\/www.cherrybyele.com\/es\/wp-json\/wp\/v2\/users\/1"}],"replies":[{"embeddable":true,"href":"https:\/\/www.cherrybyele.com\/es\/wp-json\/wp\/v2\/comments?post=1549"}],"version-history":[{"count":7,"href":"https:\/\/www.cherrybyele.com\/es\/wp-json\/wp\/v2\/pages\/1549\/revisions"}],"predecessor-version":[{"id":2681,"href":"https:\/\/www.cherrybyele.com\/es\/wp-json\/wp\/v2\/pages\/1549\/revisions\/2681"}],"wp:attachment":[{"href":"https:\/\/www.cherrybyele.com\/es\/wp-json\/wp\/v2\/media?parent=1549"}],"curies":[{"name":"wp","href":"https:\/\/api.w.org\/{rel}","templated":true}]}}